{"id":2,"date":"2018-10-22T18:48:21","date_gmt":"2018-10-22T16:48:21","guid":{"rendered":"http:\/\/azambre.eu\/?page_id=2"},"modified":"2021-02-05T15:29:21","modified_gmt":"2021-02-05T14:29:21","slug":"je-raconte-une-histoire","status":"publish","type":"page","link":"https:\/\/azambre.eu\/index.php\/je-raconte-une-histoire\/","title":{"rendered":"&#8230;je raconte une histoire !"},"content":{"rendered":"\t\t<div data-elementor-type=\"wp-post\" data-elementor-id=\"2\" class=\"elementor elementor-2\" data-elementor-post-type=\"page\">\n\t\t\t\t\t\t<section class=\"elementor-section elementor-top-section elementor-element elementor-element-1a4ff55 elementor-section-boxed elementor-section-height-default elementor-section-height-default\" data-id=\"1a4ff55\" data-element_type=\"section\" data-e-type=\"section\">\n\t\t\t\t\t\t<div class=\"elementor-container elementor-column-gap-default\">\n\t\t\t\t\t<div class=\"elementor-column elementor-col-100 elementor-top-column elementor-element elementor-element-1c27931c\" data-id=\"1c27931c\" data-element_type=\"column\" data-e-type=\"column\">\n\t\t\t<div class=\"elementor-widget-wrap elementor-element-populated\">\n\t\t\t\t\t\t<div class=\"elementor-element elementor-element-30d0f877 elementor-widget elementor-widget-text-editor\" data-id=\"30d0f877\" data-element_type=\"widget\" data-e-type=\"widget\" data-widget_type=\"text-editor.default\">\n\t\t\t\t<div class=\"elementor-widget-container\">\n\t\t\t\t\t\t\t\t\t<p><span style=\"color: #000000;\"><span style=\"font-family: Arial, sans-serif;\"><span style=\"font-size: large;\"><strong><span style=\"font-size: large; font-family: Arial, sans-serif;\">Marie-Edith Charnie Robinne me raconte : <\/span><\/strong>\u00a0\u00bb Un personnage s\u2019impose. Puis la couleur. Un d\u00e9corum fait d\u2019\u00e9l\u00e9ments qui semblent disparates mais dont nous nous doutons bien qu\u2019ils racontent quelque chose. Ils forment un tout, un ensemble composite qui \u00ab illustre \u00bb le h\u00e9ros de la photo. Ces manies, ses envies, ses go\u00fbts. Simple illustration ? Pas si s\u00fbr ! Plut\u00f4t un d\u00e9voilement sous la forme d\u2019une surench\u00e8re. Dominique Azambre compose avec le d\u00e9cor, les accessoires, le costume. Il se fait bidouilleur et cr\u00e9e, met en forme, colle, tricote, cr\u00e9ant les costumes et les accessoires de ses h\u00e9ros. Dominique Azambre assemble l\u2019inassemblable\u00a0 et donne \u00e0 voir des cr\u00e9atures m\u00e9taphoriques. Que disent-elles ? \u00c0 qui s\u2019adressent-elles ? <\/span><\/span><\/span><span style=\"color: #000000;\"><span style=\"font-family: Arial, sans-serif;\"><span style=\"font-size: large;\">Elles semblent vouloir d\u00e9vorer le monde, hurler une rage sans fin, une col\u00e8re assourdissante \u00e0 moins qu\u2019elles ne s\u2019esclaffent bruyamment devant le folie des monde et des hommes. Demi-dieux, nous les contemplons, saisis, p\u00e9trifi\u00e9s par leur force, leur \u00e9nergie avec en arri\u00e8re plan, le regard impertinent et ironique de Dominique Azambre.\u00a0\u00bb<\/span><\/span><\/span><span style=\"font-size: large; font-family: Arial, sans-serif;\">\u00a0<\/span><\/p>\t\t\t\t\t\t\t\t<\/div>\n\t\t\t\t<\/div>\n\t\t\t\t\t<\/div>\n\t\t<\/div>\n\t\t\t\t\t<\/div>\n\t\t<\/section>\n\t\t\t\t<\/div>\n\t\t","protected":false},"excerpt":{"rendered":"<p>Marie-Edith Charnie Robinne me raconte : \u00a0\u00bb Un personnage s\u2019impose. Puis la couleur. Un d\u00e9corum fait d\u2019\u00e9l\u00e9ments qui semblent disparates mais dont nous nous doutons bien qu\u2019ils racontent quelque chose. Ils forment un tout, un ensemble composite qui \u00ab illustre \u00bb le h\u00e9ros de la photo. Ces manies, ses envies, ses go\u00fbts. Simple illustration ? [&hellip;]<\/p>\n","protected":false},"author":1,"featured_media":0,"parent":0,"menu_order":0,"comment_status":"closed","ping_status":"open","template":"","meta":{"site-sidebar-layout":"default","site-content-layout":"default","ast-site-content-layout":"default","site-content-style":"default","site-sidebar-style":"default","ast-global-header-display":"","ast-banner-title-visibility":"","ast-main-header-display":"","ast-hfb-above-header-display":"","ast-hfb-below-header-display":"","ast-hfb-mobile-header-display":"","site-post-title":"","ast-breadcrumbs-content":"","ast-featured-img":"","footer-sml-layout":"","ast-disable-related-posts":"","theme-transparent-header-meta":"default","adv-header-id-meta":"","stick-header-meta":"","header-above-stick-meta":"","header-main-stick-meta":"","header-below-stick-meta":"","astra-migrate-meta-layouts":"default","ast-page-background-enabled":"default","ast-page-background-meta":{"desktop":{"background-color":"","background-image":"","background-repeat":"repeat","background-position":"center center","background-size":"auto","background-attachment":"scroll","background-type":"","background-media":"","overlay-type":"","overlay-color":"","overlay-opacity":"","overlay-gradient":""},"tablet":{"background-color":"","background-image":"","background-repeat":"repeat","background-position":"center center","background-size":"auto","background-attachment":"scroll","background-type":"","background-media":"","overlay-type":"","overlay-color":"","overlay-opacity":"","overlay-gradient":""},"mobile":{"background-color":"","background-image":"","background-repeat":"repeat","background-position":"center center","background-size":"auto","background-attachment":"scroll","background-type":"","background-media":"","overlay-type":"","overlay-color":"","overlay-opacity":"","overlay-gradient":""}},"ast-content-background-meta":{"desktop":{"background-color":"var(--ast-global-color-5)","background-image":"","background-repeat":"repeat","background-position":"center center","background-size":"auto","background-attachment":"scroll","background-type":"","background-media":"","overlay-type":"","overlay-color":"","overlay-opacity":"","overlay-gradient":""},"tablet":{"background-color":"var(--ast-global-color-5)","background-image":"","background-repeat":"repeat","background-position":"center center","background-size":"auto","background-attachment":"scroll","background-type":"","background-media":"","overlay-type":"","overlay-color":"","overlay-opacity":"","overlay-gradient":""},"mobile":{"background-color":"var(--ast-global-color-5)","background-image":"","background-repeat":"repeat","background-position":"center center","background-size":"auto","background-attachment":"scroll","background-type":"","background-media":"","overlay-type":"","overlay-color":"","overlay-opacity":"","overlay-gradient":""}},"footnotes":""},"class_list":["post-2","page","type-page","status-publish","hentry"],"_links":{"self":[{"href":"https:\/\/azambre.eu\/index.php\/wp-json\/wp\/v2\/pages\/2","targetHints":{"allow":["GET"]}}],"collection":[{"href":"https:\/\/azambre.eu\/index.php\/wp-json\/wp\/v2\/pages"}],"about":[{"href":"https:\/\/azambre.eu\/index.php\/wp-json\/wp\/v2\/types\/page"}],"author":[{"embeddable":true,"href":"https:\/\/azambre.eu\/index.php\/wp-json\/wp\/v2\/users\/1"}],"replies":[{"embeddable":true,"href":"https:\/\/azambre.eu\/index.php\/wp-json\/wp\/v2\/comments?post=2"}],"version-history":[{"count":0,"href":"https:\/\/azambre.eu\/index.php\/wp-json\/wp\/v2\/pages\/2\/revisions"}],"wp:attachment":[{"href":"https:\/\/azambre.eu\/index.php\/wp-json\/wp\/v2\/media?parent=2"}],"curies":[{"name":"wp","href":"https:\/\/api.w.org\/{rel}","templated":true}]}}